{"id":20,"date":"2023-03-20T12:09:11","date_gmt":"2023-03-20T12:09:11","guid":{"rendered":"https:\/\/kiiapoznan.pan.pl\/?page_id=20"},"modified":"2024-04-19T11:21:37","modified_gmt":"2024-04-19T11:21:37","slug":"prezydium","status":"publish","type":"page","link":"https:\/\/kiiapoznan.pan.pl\/?page_id=20","title":{"rendered":"Prezydium"},"content":{"rendered":"\n<p><\/p>\n\n\n<div>\n<h4 style=\"display: inline-block; vertical-align: top;\"><img decoding=\"async\" style=\"margin-left: 0px; margin-right: 10px;\" src=\"\/wp-content\/uploads\/2023\/03\/jk.jpg\" width=\"90\/\" \/><\/h4>\n<div style=\"display: inline-block; height: 120px;\">\n<h4>Przewodnicz\u0105cy<\/h4>\n<p>prof. dr hab. in\u017c. <a href=\"mailto:j.korbicz@issi.uz.zgora.pl\" target=\"_blank\" rel=\"noreferrer noopener\">J\u00f3zef KORBICZ<\/a>, cz\u0142. rzecz. PAN<br \/><em>Uniwersytet Zielonog\u00f3rski<\/em><\/p>\n<\/div>\n<\/div>\n<div>\n<h4 style=\"display: inline-block; vertical-align: top;\"><img decoding=\"async\" style=\"margin-left: 0px; margin-right: 10px;\" src=\"\/wp-content\/uploads\/2023\/03\/ko.jpg\" width=\"90\/\" \/><\/h4>\n<div style=\"display: inline-block; height: 120px;\">\n<h4>Wiceprzewodnicz\u0105cy<\/h4>\n<p>prof. dr hab. in\u017c. <a href=\"mailto:okarma@zut.edu.pl\" target=\"_blank\" rel=\"noreferrer noopener\">Krzysztof OKARMA<\/a><br \/><em>Zachodniopomorski Uniwersytet Technologiczny w Szczecinie<\/em><\/p>\n<\/div>\n<\/div>\n<div>\n<h4 style=\"display: inline-block; vertical-align: top;\"><img decoding=\"async\" style=\"margin-left: 0px; margin-right: 10px;\" src=\"\/wp-content\/uploads\/2023\/03\/sj.jpg\" width=\"90\/\" \/><\/h4>\n<div style=\"display: inline-block; height: 120px;\">\n<h4>Wiceprzewodnicz\u0105cy<\/h4>\n<p>prof. dr hab. in\u017c. <a href=\"mailto:jerzy.stefanowski@put.poznan.pl\" target=\"_blank\" rel=\"noreferrer noopener\">Jerzy STEFANOWSKI<\/a>, cz\u0142. koresp. PAN<br \/><em>Politechnika Pozna\u0144ska<\/em><\/p>\n<\/div>\n<\/div>\n<div>\n<h4 style=\"display: inline-block; vertical-align: top;\"><img decoding=\"async\" style=\"margin-left: 0px; margin-right: 10px;\" src=\"\/wp-content\/uploads\/2023\/03\/ps.jpg\" width=\"90\/\" \/><\/h4>\n<div style=\"display: inline-block; height: 120px;\">\n<h4>Sekretarz<\/h4>\n<p>prof. dr hab. in\u017c. <a href=\"mailto:piotr.skrzypczynski@put.poznan.pl\" target=\"_blank\" rel=\"noreferrer noopener\">Piotr SKRZYPCZY\u0143SKI<\/a><br \/><em>Politechnika Pozna\u0144ska<\/em><\/p>\n<\/div>\n<\/div>","protected":false},"excerpt":{"rendered":"<p>Przewodnicz\u0105cy prof. dr hab. in\u017c. J\u00f3zef KORBICZ, cz\u0142. rzecz. PANUniwersytet Zielonog\u00f3rski Wiceprzewodnicz\u0105cy prof. dr hab. in\u017c. Krzysztof OKARMAZachodniopomorski Uniwersytet Technologiczny w Szczecinie Wiceprzewodnicz\u0105cy prof. dr hab. in\u017c. Jerzy STEFANOWSKI, cz\u0142. koresp. PANPolitechnika Pozna\u0144ska Sekretarz prof. dr hab. in\u017c. Piotr SKRZYPCZY\u0143SKIPolitechnika Pozna\u0144ska<\/p>\n","protected":false},"author":2,"featured_media":0,"parent":16,"menu_order":0,"comment_status":"closed","ping_status":"closed","template":"","meta":{"footnotes":""},"_links":{"self":[{"href":"https:\/\/kiiapoznan.pan.pl\/index.php?rest_route=\/wp\/v2\/pages\/20"}],"collection":[{"href":"https:\/\/kiiapoznan.pan.pl\/index.php?rest_route=\/wp\/v2\/pages"}],"about":[{"href":"https:\/\/kiiapoznan.pan.pl\/index.php?rest_route=\/wp\/v2\/types\/page"}],"author":[{"embeddable":true,"href":"https:\/\/kiiapoznan.pan.pl\/index.php?rest_route=\/wp\/v2\/users\/2"}],"replies":[{"embeddable":true,"href":"https:\/\/kiiapoznan.pan.pl\/index.php?rest_route=%2Fwp%2Fv2%2Fcomments&post=20"}],"version-history":[{"count":21,"href":"https:\/\/kiiapoznan.pan.pl\/index.php?rest_route=\/wp\/v2\/pages\/20\/revisions"}],"predecessor-version":[{"id":301,"href":"https:\/\/kiiapoznan.pan.pl\/index.php?rest_route=\/wp\/v2\/pages\/20\/revisions\/301"}],"up":[{"embeddable":true,"href":"https:\/\/kiiapoznan.pan.pl\/index.php?rest_route=\/wp\/v2\/pages\/16"}],"wp:attachment":[{"href":"https:\/\/kiiapoznan.pan.pl\/index.php?rest_route=%2Fwp%2Fv2%2Fmedia&parent=20"}],"curies":[{"name":"wp","href":"https:\/\/api.w.org\/{rel}","templated":true}]}}