{"id":2,"date":"2023-03-08T13:21:39","date_gmt":"2023-03-08T13:21:39","guid":{"rendered":"https:\/\/kiiapoznan.pan.pl\/?page_id=2"},"modified":"2023-03-29T08:07:26","modified_gmt":"2023-03-29T08:07:26","slug":"sample-page","status":"publish","type":"page","link":"https:\/\/kiiapoznan.pan.pl\/?page_id=2","title":{"rendered":"Kontakt"},"content":{"rendered":"\n<p>prof. dr hab. in\u017c. <a rel=\"noreferrer noopener\" href=\"mailto:j.korbicz@issi.uz.zgora.pl\" target=\"_blank\">J\u00f3zef KORBICZ<\/a>, cz\u0142. rzecz. PAN<\/p>\n\n\n\n<p><em>Uniwersytet Zielonog\u00f3rski<\/em><br>ul. Szafrana 2, 65-516 Zielona G\u00f3ra<br>tel.: +48 683282506<\/p>\n","protected":false},"excerpt":{"rendered":"<p>prof. dr hab. in\u017c. J\u00f3zef KORBICZ, cz\u0142. rzecz. PAN Uniwersytet Zielonog\u00f3rskiul. Szafrana 2, 65-516 Zielona G\u00f3ratel.: +48 683282506<\/p>\n","protected":false},"author":2,"featured_media":0,"parent":0,"menu_order":0,"comment_status":"closed","ping_status":"open","template":"","meta":{"footnotes":""},"_links":{"self":[{"href":"https:\/\/kiiapoznan.pan.pl\/index.php?rest_route=\/wp\/v2\/pages\/2"}],"collection":[{"href":"https:\/\/kiiapoznan.pan.pl\/index.php?rest_route=\/wp\/v2\/pages"}],"about":[{"href":"https:\/\/kiiapoznan.pan.pl\/index.php?rest_route=\/wp\/v2\/types\/page"}],"author":[{"embeddable":true,"href":"https:\/\/kiiapoznan.pan.pl\/index.php?rest_route=\/wp\/v2\/users\/2"}],"replies":[{"embeddable":true,"href":"https:\/\/kiiapoznan.pan.pl\/index.php?rest_route=%2Fwp%2Fv2%2Fcomments&post=2"}],"version-history":[{"count":6,"href":"https:\/\/kiiapoznan.pan.pl\/index.php?rest_route=\/wp\/v2\/pages\/2\/revisions"}],"predecessor-version":[{"id":147,"href":"https:\/\/kiiapoznan.pan.pl\/index.php?rest_route=\/wp\/v2\/pages\/2\/revisions\/147"}],"wp:attachment":[{"href":"https:\/\/kiiapoznan.pan.pl\/index.php?rest_route=%2Fwp%2Fv2%2Fmedia&parent=2"}],"curies":[{"name":"wp","href":"https:\/\/api.w.org\/{rel}","templated":true}]}}