{"id":18,"date":"2023-03-20T12:08:37","date_gmt":"2023-03-20T12:08:37","guid":{"rendered":"https:\/\/kiiapoznan.pan.pl\/?page_id=18"},"modified":"2025-08-06T08:08:50","modified_gmt":"2025-08-06T08:08:50","slug":"sklad","status":"publish","type":"page","link":"https:\/\/kiiapoznan.pan.pl\/?page_id=18","title":{"rendered":"Sk\u0142ad"},"content":{"rendered":"\n<ul>\n<li>dr hab. in\u017c. Tomasz ANDRYSIAK, prof. PB\u015a \/ <small>Politechnika Bydgoska<\/small><\/li>\n\n\n\n<li>dr hab. in\u017c. Dominik BELTER, prof. PP \/ <small>Politechnika Pozna\u0144ska<\/small><\/li>\n\n\n\n<li>dr hab. in\u017c. Dariusz BRZEZI\u0143SKI, prof. PP \/ <small>Politechnika Pozna\u0144ska<\/small><\/li>\n\n\n\n<li>prof. dr hab. in\u017c. Micha\u0142 CHORA\u015a \/ <small>Politechnika Bydgoska<\/small><\/li>\n\n\n\n<li>prof. dr hab. in\u017c. Ryszard CHORA\u015a \/ <small>Politechnika Bydgoska<\/small><\/li>\n\n\n\n<li>prof. dr hab. in\u017c. Adam D\u0104BROWSKI \/ <small>Politechnika Pozna\u0144ska<\/small><\/li>\n\n\n\n<li>prof. dr hab. in\u017c. Stefan DOMEK \/ <small>Zachodniopomorski Uniwersytet Technologiczny w Szczecinie<\/small><\/li>\n\n\n\n<li>prof. dr hab. in\u017c. Maciej DROZDOWSKI \/ <small>Politechnika Pozna\u0144ska<\/small><\/li>\n\n\n\n<li>dr hab. in\u017c. Pawe\u0142 DWORAK, prof. ZUT \/ <small>Zachodniopomorski Uniwersytet Technologiczny w Szczecinie<\/small><\/li>\n\n\n\n<li>prof. dr hab. in\u017c. Zbigniew EMIRSAJ\u0141OW \/ <small>Zachodniopomorski Uniwersytet Technologiczny w Szczecinie<\/small><\/li>\n\n\n\n<li>prof. dr hab. in\u017c. Piotr FORMANOWICZ \/ <small>Politechnika Pozna\u0144ska<\/small><\/li>\n\n\n\n<li>dr hab. in\u017c. Artur GRAMACKI, prof. UZ \/ <small>Uniwersytet Zielonog\u00f3rski<\/small><\/li>\n\n\n\n<li>prof. dr hab. in\u017c. Dariusz HORLA \/ <small>Politechnika Pozna\u0144ska<\/small><\/li>\n\n\n\n<li>prof. dr hab. in\u017c. Andrzej KASI\u0143SKI \/ <small>Politechnika Pozna\u0144ska<\/small><\/li>\n\n\n\n<li>prof. dr hab. in\u017c. Marta KASPRZAK \/ <small>Politechnika Pozna\u0144ska<\/small><\/li>\n\n\n\n<li>dr hab. in\u017c. Anna KOBUSI\u0143SKA, prof. PP \/ <small>Politechnika Pozna\u0144ska<\/small><\/li>\n\n\n\n<li>prof. dr hab. in\u017c. J\u00f3zef KORBICZ, cz\u0142. rzecz. PAN \/ <small>Uniwersytet Zielonog\u00f3rski<\/small><\/li>\n\n\n\n<li>dr hab. in\u017c. Marek KOWAL, prof. UZ \/ <small>Uniwersytet Zielonog\u00f3rski<\/small><\/li>\n\n\n\n<li>dr hab. in\u017c. Rafa\u0142 KOZIK, prof. PB\u015a \/ <small>Politechnika Bydgoska<\/small><\/li>\n\n\n\n<li>dr hab. in\u017c. Agnieszka \u0141AWRYNOWICZ, prof. PP \/ <small>Politechnika Pozna\u0144ska<\/small><\/li>\n\n\n\n<li>dr hab. in\u017c. Przemys\u0142aw MAZUREK, prof. ZUT \/ <small>Zachodniopomorski Uniwersytet Technologiczny w Szczecinie<\/small><\/li>\n\n\n\n<li>prof. dr hab. in\u017c. Maciej MICHA\u0141EK \/ <small>Politechnika Pozna\u0144ska<\/small><\/li>\n\n\n\n<li>dr hab. in\u017c. Marcin MRUGALSKI, prof. UZ \/ <small>Uniwersytet Zielonog\u00f3rski<\/small><\/li>\n\n\n\n<li>prof. dr hab. in\u017c. Andrzej OBUCHOWICZ \/ <small>Uniwersytet Zielonog\u00f3rski<\/small><\/li>\n\n\n\n<li>prof. dr hab. in\u017c. Krzysztof OKARMA \/ <small>Zachodniopomorski Uniwersytet Technologiczny w Szczecinie<\/small><\/li>\n\n\n\n<li>prof. dr hab. in\u017c. Przemys\u0142aw OR\u0141OWSKI \/ <small>Zachodniopomorski Uniwersytet Technologiczny w Szczecinie<\/small><\/li>\n\n\n\n<li>dr hab. in\u017c. Tomasz PAJCHROWSKI, prof. PP \/ <small>Politechnika Pozna\u0144ska<\/small><\/li>\n\n\n\n<li>prof. dr hab. in\u017c. Krzysztof PATAN \/ <small>Uniwersytet Zielonog\u00f3rski<\/small><\/li>\n\n\n\n<li>dr hab. in\u017c. Maciej PATAN, prof. UZ \/ <small>Uniwersytet Zielonog\u00f3rski<\/small><\/li>\n\n\n\n<li>dr hab. in\u017c. Dariusz PAZDERSKI, prof. PP \/ <small>Politechnika Pozna\u0144ska<\/small><\/li>\n\n\n\n<li>dr hab. in\u017c. Krzysztof PIETRUSEWICZ, prof. ZUT \/ <small>Zachodniopomorski Uniwersytet Technologiczny w Szczecinie<\/small><\/li>\n\n\n\n<li>prof. dr hab. in\u017c. Jacek PISKOROWSKI \/ <small>Zachodniopomorski Uniwersytet Technologiczny w Szczecinie<\/small><\/li>\n\n\n\n<li>dr hab. in\u017c. Marek SAWERWAIN, prof. UZ \/ <small>Uniwersytet Zielonog\u00f3rski<\/small><\/li>\n\n\n\n<li>prof. dr hab. in\u017c. Piotr SKRZYPCZY\u0143SKI \/ <small>Politechnika Pozna\u0144ska<\/small><\/li>\n\n\n\n<li>prof. dr hab. in\u017c. Jerzy STEFANOWSKI, cz\u0142. koresp. PAN \/ <small>Politechnika Pozna\u0144ska<\/small><\/li>\n\n\n\n<li>dr hab. in\u017c. Izabela SZCZ\u0118CH \/ <small>Politechnika Pozna\u0144ska<\/small><\/li>\n\n\n\n<li>prof. dr hab. in\u017c. Dariusz UCI\u0143SKI \/ <small>Uniwersytet Zielonog\u00f3rski<\/small><\/li>\n\n\n\n<li>prof. dr hab. in\u017c. Marcin WITCZAK \/ <small>Uniwersytet Zielonog\u00f3rski<\/small><\/li>\n\n\n\n<li>prof. dr hab. in\u017c. Remigiusz WI\u015aNIEWSKI \/ <small>Uniwersytet Zielonog\u00f3rski<\/small><\/li>\n\n\n\n<li>prof. dr hab. in\u017c. Krzysztof ZAWIRSKI \/ <small>Politechnika Pozna\u0144ska<\/small><\/li>\n<\/ul>\n\n\n\n<ul><\/ul>\n","protected":false},"excerpt":{"rendered":"","protected":false},"author":2,"featured_media":0,"parent":0,"menu_order":0,"comment_status":"closed","ping_status":"closed","template":"","meta":{"footnotes":""},"_links":{"self":[{"href":"https:\/\/kiiapoznan.pan.pl\/index.php?rest_route=\/wp\/v2\/pages\/18"}],"collection":[{"href":"https:\/\/kiiapoznan.pan.pl\/index.php?rest_route=\/wp\/v2\/pages"}],"about":[{"href":"https:\/\/kiiapoznan.pan.pl\/index.php?rest_route=\/wp\/v2\/types\/page"}],"author":[{"embeddable":true,"href":"https:\/\/kiiapoznan.pan.pl\/index.php?rest_route=\/wp\/v2\/users\/2"}],"replies":[{"embeddable":true,"href":"https:\/\/kiiapoznan.pan.pl\/index.php?rest_route=%2Fwp%2Fv2%2Fcomments&post=18"}],"version-history":[{"count":35,"href":"https:\/\/kiiapoznan.pan.pl\/index.php?rest_route=\/wp\/v2\/pages\/18\/revisions"}],"predecessor-version":[{"id":363,"href":"https:\/\/kiiapoznan.pan.pl\/index.php?rest_route=\/wp\/v2\/pages\/18\/revisions\/363"}],"wp:attachment":[{"href":"https:\/\/kiiapoznan.pan.pl\/index.php?rest_route=%2Fwp%2Fv2%2Fmedia&parent=18"}],"curies":[{"name":"wp","href":"https:\/\/api.w.org\/{rel}","templated":true}]}}